{"id":172,"date":"2024-10-08T01:54:25","date_gmt":"2024-10-08T01:54:25","guid":{"rendered":"https:\/\/companionanimal.mx\/?page_id=172"},"modified":"2024-10-08T02:11:27","modified_gmt":"2024-10-08T02:11:27","slug":"empresa","status":"publish","type":"page","link":"https:\/\/companionanimal.mx\/index.php\/empresa\/","title":{"rendered":"Empresa"},"content":{"rendered":"<p>[et_pb_section fb_built=\u00bb1&#8243; theme_builder_area=\u00bbpost_content\u00bb _builder_version=\u00bb4.27.2&#8243; _module_preset=\u00bbdefault\u00bb height=\u00bb480px\u00bb hover_enabled=\u00bb0&#8243; sticky_enabled=\u00bb0&#8243; title_text=\u00bb02.1-Banner-Empresa\u00bb background_image=\u00bbhttps:\/\/companionanimal.mx\/wp-content\/uploads\/2024\/10\/02.1-Banner-Empresa.jpg\u00bb height_last_edited=\u00bbon|desktop\u00bb height_tablet=\u00bb330px\u00bb custom_margin_last_edited=\u00bboff|phone\u00bb custom_margin_tablet=\u00bb0px||||false|false\u00bb admin_label=\u00bbBanner Empresa\u00a0\u00bb collapsed=\u00bbon\u00bb custom_margin_phone=\u00bb0px||||false|false\u00bb max_height_last_edited=\u00bboff|phone\u00bb width_last_edited=\u00bbon|phone\u00bb width_phone=\u00bb100%\u00bb height_phone=\u00bb230px\u00bb][\/et_pb_section][et_pb_section fb_built=\u00bb1&#8243; theme_builder_area=\u00bbpost_content\u00bb _builder_version=\u00bb4.27.2&#8243; _module_preset=\u00bbdefault\u00bb background_color=\u00bb#EBEFF2&#8243; hover_enabled=\u00bb0&#8243; sticky_enabled=\u00bb0&#8243;][et_pb_row _builder_version=\u00bb4.27.2&#8243; _module_preset=\u00bbdefault\u00bb theme_builder_area=\u00bbpost_content\u00bb][et_pb_column _builder_version=\u00bb4.27.2&#8243; _module_preset=\u00bbdefault\u00bb type=\u00bb4_4&#8243; theme_builder_area=\u00bbpost_content\u00bb][et_pb_text _builder_version=\u00bb4.27.2&#8243; _module_preset=\u00bbdefault\u00bb theme_builder_area=\u00bbpost_content\u00bb hover_enabled=\u00bb0&#8243; sticky_enabled=\u00bb0&#8243; text_font=\u00bbProxima Nova-Bold||||||||\u00bb text_text_color=\u00bb#00A1E1&#8243; text_orientation=\u00bbcenter\u00bb text_font_size=\u00bb30px\u00bb text_line_height_last_edited=\u00bbon|phone\u00bb text_line_height_phone=\u00bb1em\u00bb max_width_last_edited=\u00bbon|phone\u00bb max_width_phone=\u00bb95%\u00bb]<\/p>\n<p><span>\u00abCalidad al alcance de tus manos\u00bb<\/span><\/p>\n<p>[\/et_pb_text][et_pb_text _builder_version=\u00bb4.27.2&#8243; _module_preset=\u00bbdefault\u00bb theme_builder_area=\u00bbpost_content\u00bb text_orientation=\u00bbcenter\u00bb text_font_size=\u00bb16px\u00bb width=\u00bb65%\u00bb module_alignment=\u00bbcenter\u00bb hover_enabled=\u00bb0&#8243; sticky_enabled=\u00bb0&#8243; width_last_edited=\u00bbon|phone\u00bb width_phone=\u00bb95%\u00bb text_orientation_last_edited=\u00bbon|phone\u00bb text_orientation_phone=\u00bbcenter\u00bb width_tablet=\u00bb65%\u00bb text_orientation_tablet=\u00bbcenter\u00bb]<\/p>\n<p>En<span>\u00a0<\/span><strong><span id=\"u321-2\">Companion Animal Products<\/span><\/strong><span>\u00a0<\/span>demostramos que la calidad no es exclusiva de unas cuantas empresas, \u00e9sta se encuentra en alternativas alrededor del mundo.<\/p>\n<p>Por lo que el MVZ puede estar seguro de que con la etiqueta de<span>\u00a0<\/span><strong><span id=\"u321-9\">Animal Care Products<\/span><\/strong>, tendr\u00e1 en sus manos la m\u00e1s alta calidad y efectividad farmac\u00e9utica disponible en el mundo. Ese es nuestro compromiso y nuestra raz\u00f3n de ser.<\/p>\n<p>[\/et_pb_text][\/et_pb_column][\/et_pb_row][\/et_pb_section][et_pb_section fb_built=\u00bb1&#8243; theme_builder_area=\u00bbpost_content\u00bb _builder_version=\u00bb4.27.2&#8243; _module_preset=\u00bbdefault\u00bb hover_enabled=\u00bb0&#8243; sticky_enabled=\u00bb0&#8243; background_enable_color=\u00bboff\u00bb][et_pb_row _builder_version=\u00bb4.27.2&#8243; _module_preset=\u00bbdefault\u00bb theme_builder_area=\u00bbpost_content\u00bb][et_pb_column _builder_version=\u00bb4.27.2&#8243; _module_preset=\u00bbdefault\u00bb type=\u00bb4_4&#8243; theme_builder_area=\u00bbpost_content\u00bb][et_pb_text _builder_version=\u00bb4.27.2&#8243; _module_preset=\u00bbdefault\u00bb theme_builder_area=\u00bbpost_content\u00bb text_orientation=\u00bbcenter\u00bb text_font_size=\u00bb16px\u00bb width=\u00bb65%\u00bb module_alignment=\u00bbcenter\u00bb hover_enabled=\u00bb0&#8243; sticky_enabled=\u00bb0&#8243; width_last_edited=\u00bboff|phone\u00bb width_phone=\u00bbauto\u00bb max_width_last_edited=\u00bbon|phone\u00bb max_width_phone=\u00bb95%\u00bb]<\/p>\n<p>En<span>\u00a0<\/span><strong><span id=\"u323-2\">Companion Animal Products<\/span><\/strong><span>\u00a0<\/span>tenemos la certeza de que el mercado debe recibir la m\u00e1xima calidad disponible a precios justos y sin riesgos.<\/p>\n<p>Ese es nuestro prestigio en<span>\u00a0<\/span><strong><span id=\"u323-7\">Companion Animal Products<\/span><\/strong>, hemos puesto nuestra operaci\u00f3n en M\u00e9xico en manos de profesionales mexicanos con amplia experiencia en el campo de la Salud Animal, los cuales apoyamos con nuestra operaci\u00f3n global en diferentes partes de Europa, Asia, Ocean\u00eda y Am\u00e9rica.<\/p>\n<p>As\u00ed, acortamos las distancias entre la industria farmac\u00e9utica veterinaria de calidad de las diferentes regiones del mundo y los veterinarios Mexicanos; acortamos\u00a0 las distancias de los costos, haciendo accesibles productos de calidad y efectividad, siendo as\u00ed\u00a0 la primera opci\u00f3n y mejor soluci\u00f3n para cada uno de sus requerimientos.<\/p>\n<p>[\/et_pb_text][et_pb_text _builder_version=\u00bb4.27.2&#8243; _module_preset=\u00bbdefault\u00bb theme_builder_area=\u00bbpost_content\u00bb hover_enabled=\u00bb0&#8243; sticky_enabled=\u00bb0&#8243; text_font=\u00bbProxima Nova-Bold||||||||\u00bb text_text_color=\u00bb#00A1E1&#8243; text_orientation=\u00bbcenter\u00bb text_font_size=\u00bb30px\u00bb custom_margin=\u00bb0px||||false|false\u00bb custom_padding=\u00bb15px||||false|false\u00bb text_line_height_last_edited=\u00bbon|phone\u00bb text_line_height_phone=\u00bb1em\u00bb]<\/p>\n<p><span>\u00abSoluciones probadas, efectividad y calidad\u00bb<\/span><\/p>\n<p>[\/et_pb_text][\/et_pb_column][\/et_pb_row][\/et_pb_section][et_pb_section fb_built=\u00bb1&#8243; theme_builder_area=\u00bbpost_content\u00bb _builder_version=\u00bb4.27.2&#8243; _module_preset=\u00bbdefault\u00bb hover_enabled=\u00bb0&#8243; sticky_enabled=\u00bb0&#8243; background_enable_color=\u00bboff\u00bb use_background_color_gradient=\u00bbon\u00bb background_color_gradient_stops=\u00bb#00b5e9 0%|#00a1e1 100%\u00bb][et_pb_row _builder_version=\u00bb4.27.2&#8243; _module_preset=\u00bbdefault\u00bb theme_builder_area=\u00bbpost_content\u00bb][et_pb_column _builder_version=\u00bb4.27.2&#8243; _module_preset=\u00bbdefault\u00bb type=\u00bb4_4&#8243; theme_builder_area=\u00bbpost_content\u00bb][et_pb_text _builder_version=\u00bb4.27.2&#8243; _module_preset=\u00bbdefault\u00bb theme_builder_area=\u00bbpost_content\u00bb hover_enabled=\u00bb0&#8243; sticky_enabled=\u00bb0&#8243; text_font=\u00bbProxima Nova-Bold||||||||\u00bb text_text_color=\u00bb#FFFFFF\u00bb text_orientation=\u00bbcenter\u00bb text_font_size=\u00bb30px\u00bb]<\/p>\n<p><span>MISI\u00d3N<\/span><\/p>\n<p>[\/et_pb_text][et_pb_text _builder_version=\u00bb4.27.2&#8243; _module_preset=\u00bbdefault\u00bb theme_builder_area=\u00bbpost_content\u00bb text_orientation=\u00bbcenter\u00bb text_font_size=\u00bb16px\u00bb width=\u00bb65%\u00bb module_alignment=\u00bbcenter\u00bb hover_enabled=\u00bb0&#8243; sticky_enabled=\u00bb0&#8243; text_text_color=\u00bb#FFFFFF\u00bb max_width_last_edited=\u00bbon|phone\u00bb max_width_phone=\u00bb95%\u00bb]<\/p>\n<p><span>Contribuir a la salud, cuidado y bienestar de los animales de compa\u00f1\u00eda, proporcionando productos y servicios de clase mundial y excelente calidad.<\/span><\/p>\n<p>[\/et_pb_text][et_pb_text _builder_version=\u00bb4.27.2&#8243; _module_preset=\u00bbdefault\u00bb theme_builder_area=\u00bbpost_content\u00bb hover_enabled=\u00bb0&#8243; sticky_enabled=\u00bb0&#8243; text_font=\u00bbProxima Nova-Bold||||||||\u00bb text_text_color=\u00bb#FFFFFF\u00bb text_orientation=\u00bbcenter\u00bb text_font_size=\u00bb30px\u00bb custom_padding=\u00bb60px||||false|false\u00bb]<\/p>\n<p><span>VISI\u00d3N<\/span><\/p>\n<p>[\/et_pb_text][et_pb_text _builder_version=\u00bb4.27.2&#8243; _module_preset=\u00bbdefault\u00bb theme_builder_area=\u00bbpost_content\u00bb text_orientation=\u00bbcenter\u00bb text_font_size=\u00bb16px\u00bb width=\u00bb65%\u00bb module_alignment=\u00bbcenter\u00bb hover_enabled=\u00bb0&#8243; sticky_enabled=\u00bb0&#8243; text_text_color=\u00bb#FFFFFF\u00bb max_width_last_edited=\u00bbon|phone\u00bb max_width_phone=\u00bb95%\u00bb]<\/p>\n<p><strong><span id=\"u357\">Companion Animal Products<\/span><\/strong><span>\u00a0aspira\u00a0 a ser una empresa de clase mundial con capacidad para desarrollar y comercializar productos y servicios de\u00a0 alta calidad y tecnol\u00f3gicamente avanzados para el mercado de la Salud y Nutrici\u00f3n Animal en todo el mundo, constituy\u00e9ndose\u00a0 como la mejor alternativa para satisfacer las\u00a0 necesidades\u00a0 del mercado a nivel mundial.<\/span><\/p>\n<p>[\/et_pb_text][\/et_pb_column][\/et_pb_row][\/et_pb_section][et_pb_section fb_built=\u00bb1&#8243; theme_builder_area=\u00bbpost_content\u00bb _builder_version=\u00bb4.27.2&#8243; _module_preset=\u00bbdefault\u00bb hover_enabled=\u00bb0&#8243; sticky_enabled=\u00bb0&#8243; background_enable_color=\u00bboff\u00bb][et_pb_row _builder_version=\u00bb4.27.2&#8243; _module_preset=\u00bbdefault\u00bb theme_builder_area=\u00bbpost_content\u00bb][et_pb_column _builder_version=\u00bb4.27.2&#8243; _module_preset=\u00bbdefault\u00bb type=\u00bb4_4&#8243; theme_builder_area=\u00bbpost_content\u00bb][et_pb_text _builder_version=\u00bb4.27.2&#8243; _module_preset=\u00bbdefault\u00bb theme_builder_area=\u00bbpost_content\u00bb hover_enabled=\u00bb0&#8243; sticky_enabled=\u00bb0&#8243; text_font=\u00bbProxima Nova-Bold||||||||\u00bb text_text_color=\u00bb#00A1E1&#8243; text_orientation=\u00bbcenter\u00bb text_font_size=\u00bb30px\u00bb]<\/p>\n<p><span>VALORES<\/span><\/p>\n<p>[\/et_pb_text][\/et_pb_column][\/et_pb_row][et_pb_row _builder_version=\u00bb4.27.2&#8243; _module_preset=\u00bbdefault\u00bb theme_builder_area=\u00bbpost_content\u00bb column_structure=\u00bb1_2,1_2&#8243; use_custom_gutter=\u00bbon\u00bb gutter_width=\u00bb1&#8243; hover_enabled=\u00bb0&#8243; sticky_enabled=\u00bb0&#8243;][et_pb_column _builder_version=\u00bb4.27.2&#8243; _module_preset=\u00bbdefault\u00bb type=\u00bb1_2&#8243; theme_builder_area=\u00bbpost_content\u00bb][et_pb_text _builder_version=\u00bb4.27.2&#8243; _module_preset=\u00bbdefault\u00bb theme_builder_area=\u00bbpost_content\u00bb text_orientation=\u00bbcenter\u00bb text_font_size=\u00bb22px\u00bb width=\u00bb65%\u00bb module_alignment=\u00bbcenter\u00bb hover_enabled=\u00bb0&#8243; sticky_enabled=\u00bb0&#8243; text_font=\u00bbProxima Nova-Bold||||||||\u00bb text_text_color=\u00bb#00A1E1&#8243; custom_margin=\u00bb||10px||false|false\u00bb custom_padding=\u00bb||0px||false|false\u00bb]<\/p>\n<p>Integridad<\/p>\n<p>[\/et_pb_text][et_pb_text _builder_version=\u00bb4.27.2&#8243; _module_preset=\u00bbdefault\u00bb theme_builder_area=\u00bbpost_content\u00bb text_orientation=\u00bbjustified\u00bb text_font_size=\u00bb16px\u00bb width=\u00bb65%\u00bb module_alignment=\u00bbcenter\u00bb hover_enabled=\u00bb0&#8243; sticky_enabled=\u00bb0&#8243; custom_margin=\u00bb0px||||false|false\u00bb custom_padding=\u00bb0px||||false|false\u00bb max_width_last_edited=\u00bbon|phone\u00bb max_width_phone=\u00bb95%\u00bb]<\/p>\n<p><span>Es actuar de acuerdo a los preceptos \u00e9ticos esenciales correctos, haciendo lo que se dice y diciendo lo que se hace, mostrando la necesaria congruencia en el hacer y el decir.<\/span><\/p>\n<p>[\/et_pb_text][\/et_pb_column][et_pb_column _builder_version=\u00bb4.27.2&#8243; _module_preset=\u00bbdefault\u00bb type=\u00bb1_2&#8243; theme_builder_area=\u00bbpost_content\u00bb][et_pb_text _builder_version=\u00bb4.27.2&#8243; _module_preset=\u00bbdefault\u00bb theme_builder_area=\u00bbpost_content\u00bb text_orientation=\u00bbcenter\u00bb text_font_size=\u00bb22px\u00bb width=\u00bb65%\u00bb module_alignment=\u00bbcenter\u00bb hover_enabled=\u00bb0&#8243; sticky_enabled=\u00bb0&#8243; text_font=\u00bbProxima Nova-Bold||||||||\u00bb text_text_color=\u00bb#00A1E1&#8243; custom_margin=\u00bb||10px||false|false\u00bb custom_padding=\u00bb||0px||false|false\u00bb custom_margin_last_edited=\u00bbon|tablet\u00bb custom_margin_tablet=\u00bb40px||10px||false|false\u00bb custom_margin_phone=\u00bb40px||10px||false|false\u00bb]<\/p>\n<p><span>Honestidad<\/span><\/p>\n<p>[\/et_pb_text][et_pb_text _builder_version=\u00bb4.27.2&#8243; _module_preset=\u00bbdefault\u00bb theme_builder_area=\u00bbpost_content\u00bb text_orientation=\u00bbjustified\u00bb text_font_size=\u00bb16px\u00bb width=\u00bb65%\u00bb module_alignment=\u00bbcenter\u00bb hover_enabled=\u00bb0&#8243; sticky_enabled=\u00bb0&#8243; custom_margin=\u00bb0px||||false|false\u00bb custom_padding=\u00bb0px||||false|false\u00bb max_width_last_edited=\u00bbon|phone\u00bb max_width_phone=\u00bb95%\u00bb]<\/p>\n<p><span>Buscar actuar de manera autentica y manejarse en principio con la verdad en todas las relaciones con otras personas y empresas.<\/span><\/p>\n<p>[\/et_pb_text][\/et_pb_column][\/et_pb_row][et_pb_row _builder_version=\u00bb4.27.2&#8243; _module_preset=\u00bbdefault\u00bb theme_builder_area=\u00bbpost_content\u00bb column_structure=\u00bb1_2,1_2&#8243; use_custom_gutter=\u00bbon\u00bb gutter_width=\u00bb1&#8243; hover_enabled=\u00bb0&#8243; sticky_enabled=\u00bb0&#8243;][et_pb_column _builder_version=\u00bb4.27.2&#8243; _module_preset=\u00bbdefault\u00bb type=\u00bb1_2&#8243; theme_builder_area=\u00bbpost_content\u00bb][et_pb_text _builder_version=\u00bb4.27.2&#8243; _module_preset=\u00bbdefault\u00bb theme_builder_area=\u00bbpost_content\u00bb text_orientation=\u00bbcenter\u00bb text_font_size=\u00bb22px\u00bb width=\u00bb65%\u00bb module_alignment=\u00bbcenter\u00bb hover_enabled=\u00bb0&#8243; sticky_enabled=\u00bb0&#8243; text_font=\u00bbProxima Nova-Bold||||||||\u00bb text_text_color=\u00bb#00A1E1&#8243; custom_margin=\u00bb||10px||false|false\u00bb custom_padding=\u00bb||0px||false|false\u00bb]<\/p>\n<p><span>Libertad<\/span><\/p>\n<p>[\/et_pb_text][et_pb_text _builder_version=\u00bb4.27.2&#8243; _module_preset=\u00bbdefault\u00bb theme_builder_area=\u00bbpost_content\u00bb text_orientation=\u00bbjustified\u00bb text_font_size=\u00bb16px\u00bb width=\u00bb65%\u00bb module_alignment=\u00bbcenter\u00bb hover_enabled=\u00bb0&#8243; sticky_enabled=\u00bb0&#8243; custom_margin=\u00bb0px||||false|false\u00bb custom_padding=\u00bb0px||||false|false\u00bb max_width_last_edited=\u00bbon|phone\u00bb max_width_phone=\u00bb95%\u00bb]<\/p>\n<p><span>Entendi\u00e9ndose como el respeto a la capacidad de las personas (y en este caso tambi\u00e9n de las empresas) para decidir actuar de una forma o de otra o de no actuar, acotados por el marco jur\u00eddico del respeto a los derechos de terceros o a las buenas costumbres. Esta facultad es la que nos hace responsables de nuestros actos.<\/span><\/p>\n<p>[\/et_pb_text][et_pb_text _builder_version=\u00bb4.27.2&#8243; _module_preset=\u00bbdefault\u00bb theme_builder_area=\u00bbpost_content\u00bb text_orientation=\u00bbcenter\u00bb text_font_size=\u00bb22px\u00bb width=\u00bb65%\u00bb module_alignment=\u00bbcenter\u00bb hover_enabled=\u00bb0&#8243; sticky_enabled=\u00bb0&#8243; text_font=\u00bbProxima Nova-Bold||||||||\u00bb text_text_color=\u00bb#00A1E1&#8243; custom_margin=\u00bb55px||10px||false|false\u00bb custom_padding=\u00bb||0px||false|false\u00bb]<\/p>\n<p><span>Respeto<\/span><\/p>\n<p>[\/et_pb_text][et_pb_text _builder_version=\u00bb4.27.2&#8243; _module_preset=\u00bbdefault\u00bb theme_builder_area=\u00bbpost_content\u00bb text_orientation=\u00bbjustified\u00bb text_font_size=\u00bb16px\u00bb width=\u00bb65%\u00bb module_alignment=\u00bbcenter\u00bb hover_enabled=\u00bb0&#8243; sticky_enabled=\u00bb0&#8243; custom_margin=\u00bb0px||||false|false\u00bb custom_padding=\u00bb0px||||false|false\u00bb max_width_last_edited=\u00bbon|phone\u00bb max_width_phone=\u00bb95%\u00bb]<\/p>\n<p><span>Respetar la dignidad y el libre albedr\u00edo de empresas y\u00a0 personas y a lo que tienen derecho, sin importar su condici\u00f3n social, econ\u00f3mica y cultural y exigir exactamente lo mismo de la contraparte.<\/span><\/p>\n<p>[\/et_pb_text][\/et_pb_column][et_pb_column _builder_version=\u00bb4.27.2&#8243; _module_preset=\u00bbdefault\u00bb type=\u00bb1_2&#8243; theme_builder_area=\u00bbpost_content\u00bb][et_pb_text _builder_version=\u00bb4.27.2&#8243; _module_preset=\u00bbdefault\u00bb theme_builder_area=\u00bbpost_content\u00bb text_orientation=\u00bbcenter\u00bb text_font_size=\u00bb22px\u00bb width=\u00bb65%\u00bb module_alignment=\u00bbcenter\u00bb hover_enabled=\u00bb0&#8243; sticky_enabled=\u00bb0&#8243; text_font=\u00bbProxima Nova-Bold||||||||\u00bb text_text_color=\u00bb#00A1E1&#8243; custom_margin=\u00bb||10px||false|false\u00bb custom_padding=\u00bb||0px||false|false\u00bb custom_margin_last_edited=\u00bbon|tablet\u00bb custom_margin_tablet=\u00bb40px||10px||false|false\u00bb custom_margin_phone=\u00bb40px||10px||false|false\u00bb]<\/p>\n<p><span>Justicia<\/span><\/p>\n<p>[\/et_pb_text][et_pb_text _builder_version=\u00bb4.27.2&#8243; _module_preset=\u00bbdefault\u00bb theme_builder_area=\u00bbpost_content\u00bb text_orientation=\u00bbjustified\u00bb text_font_size=\u00bb16px\u00bb width=\u00bb65%\u00bb module_alignment=\u00bbcenter\u00bb hover_enabled=\u00bb0&#8243; sticky_enabled=\u00bb0&#8243; custom_margin=\u00bb0px||||false|false\u00bb custom_padding=\u00bb0px||||false|false\u00bb max_width_last_edited=\u00bbon|phone\u00bb max_width_phone=\u00bb95%\u00bb]<\/p>\n<p class=\"p1\">Entendemos el respeto como la capacidad de las personas y empresas para tomar decisiones libres, ya sea actuar de una forma, de otra, o incluso decidir no actuar, siempre dentro del marco legal y en armon\u00eda con los derechos de los dem\u00e1s y las buenas costumbres. Esta libertad es lo que nos convierte en responsables de nuestros actos, conscientes de que nuestras decisiones tienen un impacto y deben reflejar nuestro compromiso con la \u00e9tica y el bienestar com\u00fan.<\/p>\n<p>[\/et_pb_text][\/et_pb_column][\/et_pb_row][\/et_pb_section]<\/p>\n","protected":false},"excerpt":{"rendered":"<p>\u00abCalidad al alcance de tus manos\u00bbEn\u00a0Companion Animal Products\u00a0demostramos que la calidad no es exclusiva de unas cuantas empresas, \u00e9sta se encuentra en alternativas alrededor del mundo. Por lo que el MVZ puede estar seguro de que con la etiqueta de\u00a0Animal Care Products, tendr\u00e1 en sus manos la m\u00e1s alta calidad y efectividad farmac\u00e9utica disponible en [&hellip;]<\/p>\n","protected":false},"author":1,"featured_media":0,"parent":0,"menu_order":2,"comment_status":"closed","ping_status":"closed","template":"","meta":{"_et_pb_use_builder":"on","_et_pb_old_content":"","_et_gb_content_width":"","footnotes":""},"class_list":["post-172","page","type-page","status-publish","hentry"],"_links":{"self":[{"href":"https:\/\/companionanimal.mx\/index.php\/wp-json\/wp\/v2\/pages\/172","targetHints":{"allow":["GET"]}}],"collection":[{"href":"https:\/\/companionanimal.mx\/index.php\/wp-json\/wp\/v2\/pages"}],"about":[{"href":"https:\/\/companionanimal.mx\/index.php\/wp-json\/wp\/v2\/types\/page"}],"author":[{"embeddable":true,"href":"https:\/\/companionanimal.mx\/index.php\/wp-json\/wp\/v2\/users\/1"}],"replies":[{"embeddable":true,"href":"https:\/\/companionanimal.mx\/index.php\/wp-json\/wp\/v2\/comments?post=172"}],"version-history":[{"count":7,"href":"https:\/\/companionanimal.mx\/index.php\/wp-json\/wp\/v2\/pages\/172\/revisions"}],"predecessor-version":[{"id":183,"href":"https:\/\/companionanimal.mx\/index.php\/wp-json\/wp\/v2\/pages\/172\/revisions\/183"}],"wp:attachment":[{"href":"https:\/\/companionanimal.mx\/index.php\/wp-json\/wp\/v2\/media?parent=172"}],"curies":[{"name":"wp","href":"https:\/\/api.w.org\/{rel}","templated":true}]}}