{"id":363,"date":"2024-10-15T21:26:18","date_gmt":"2024-10-15T21:26:18","guid":{"rendered":"https:\/\/companionanimal.mx\/?page_id=363"},"modified":"2026-04-09T11:46:57","modified_gmt":"2026-04-09T17:46:57","slug":"bactoless-supra","status":"publish","type":"page","link":"https:\/\/companionanimal.mx\/index.php\/bactoless-supra\/","title":{"rendered":"BACTOLESS* SUPRA"},"content":{"rendered":"<p>[et_pb_section fb_built=\u00bb1&#8243; admin_label=\u00bbBot\u00f3n PRODUCTOS\u00bb _builder_version=\u00bb4.25.0&#8243; _module_preset=\u00bbdefault\u00bb width_tablet=\u00bb23%\u00bb width_phone=\u00bb23%\u00bb width_last_edited=\u00bbon|tablet\u00bb max_width_tablet=\u00bb29%\u00bb max_width_phone=\u00bb29%\u00bb max_width_last_edited=\u00bbon|tablet\u00bb custom_margin=\u00bb0px||0px||true|false\u00bb custom_padding=\u00bb0px||0px||true|false\u00bb collapsed=\u00bboff\u00bb global_colors_info=\u00bb{}\u00bb][et_pb_row _builder_version=\u00bb4.25.0&#8243; _module_preset=\u00bbdefault\u00bb width=\u00bb100%\u00bb width_tablet=\u00bb50%\u00bb width_phone=\u00bb50%\u00bb width_last_edited=\u00bbon|tablet\u00bb max_width=\u00bb1240px\u00bb custom_margin=\u00bb25px||0px||false|false\u00bb custom_padding=\u00bb0px||0px||true|false\u00bb global_colors_info=\u00bb{}\u00bb][et_pb_column type=\u00bb4_4&#8243; _builder_version=\u00bb4.25.0&#8243; _module_preset=\u00bbdefault\u00bb global_colors_info=\u00bb{}\u00bb][et_pb_button button_url=\u00bb@ET-DC@eyJkeW5hbWljIjp0cnVlLCJjb250ZW50IjoicG9zdF9saW5rX3VybF9wYWdlIiwic2V0dGluZ3MiOnsicG9zdF9pZCI6IjE4NCJ9fQ==@\u00bb button_text=\u00bbPRODUCTOS\u00bb _builder_version=\u00bb4.27.6&#8243; _dynamic_attributes=\u00bbbutton_url\u00bb _module_preset=\u00bbdefault\u00bb custom_button=\u00bbon\u00bb button_text_size=\u00bb14px\u00bb button_text_color=\u00bb#00A1E2&#8243; button_border_radius=\u00bb100px\u00bb button_font=\u00bbProxima Nova-Bold||||||||\u00bb button_icon=\u00bb&#xf359;||fa||900&#8243; button_icon_placement=\u00bbleft\u00bb button_on_hover=\u00bboff\u00bb custom_margin=\u00bb0px||0px||true|false\u00bb custom_padding=\u00bb3px||2px||false|false\u00bb hover_enabled=\u00bb0&#8243; global_colors_info=\u00bb{}\u00bb button_bg_color__hover_enabled=\u00bbon|desktop\u00bb button_bg_color__hover=\u00bb#00A1E2&#8243; button_bg_enable_color__hover=\u00bbon\u00bb button_text_color__hover_enabled=\u00bbon|hover\u00bb button_text_color__hover=\u00bb#FFFFFF\u00bb button_border_width__hover_enabled=\u00bbon|desktop\u00bb button_border_width__hover=\u00bb2px\u00bb sticky_enabled=\u00bb0&#8243;][\/et_pb_button][\/et_pb_column][\/et_pb_row][\/et_pb_section][et_pb_section fb_built=\u00bb1&#8243; admin_label=\u00bbPRODUCTO\u00bb _builder_version=\u00bb4.25.0&#8243; _module_preset=\u00bbdefault\u00bb custom_margin=\u00bb0px||||false|false\u00bb custom_padding=\u00bb0px||||false|false\u00bb collapsed=\u00bbon\u00bb global_colors_info=\u00bb{}\u00bb][et_pb_row column_structure=\u00bb1_2,1_2&#8243; _builder_version=\u00bb4.25.0&#8243; _module_preset=\u00bbdefault\u00bb global_colors_info=\u00bb{}\u00bb][et_pb_column type=\u00bb1_2&#8243; _builder_version=\u00bb4.25.0&#8243; _module_preset=\u00bbdefault\u00bb global_colors_info=\u00bb{}\u00bb][et_pb_image src=\u00bbhttps:\/\/companionanimal.mx\/wp-content\/uploads\/2024\/10\/Producto-Prox-900&#215;900-1.jpg\u00bb title_text=\u00bbProducto-Prox-900&#215;900&#8243; align=\u00bbright\u00bb admin_label=\u00bbProducto\u00bb _builder_version=\u00bb4.27.2&#8243; _module_preset=\u00bbdefault\u00bb width=\u00bb85%\u00bb width_tablet=\u00bb60%\u00bb width_phone=\u00bb90%\u00bb width_last_edited=\u00bbon|tablet\u00bb module_alignment=\u00bbcenter\u00bb border_radii=\u00bboff|200px|||\u00bb border_radii_tablet=\u00bboff|200px|||\u00bb border_radii_phone=\u00bboff|150px|||\u00bb border_radii_last_edited=\u00bbon|phone\u00bb global_colors_info=\u00bb{}\u00bb][\/et_pb_image][\/et_pb_column][et_pb_column type=\u00bb1_2&#8243; _builder_version=\u00bb4.25.0&#8243; _module_preset=\u00bbdefault\u00bb global_colors_info=\u00bb{}\u00bb][et_pb_heading title=\u00bbBACTOLESS* SUPRA\u00bb admin_label=\u00bbACTIVEMIX\u00bb _builder_version=\u00bb4.27.2&#8243; _module_preset=\u00bbdefault\u00bb title_text_color=\u00bb#00A1E2&#8243; title_font_size=\u00bb37px\u00bb custom_margin=\u00bb||10px||false|false\u00bb custom_padding=\u00bb||0px|||\u00bb title_text_align_tablet=\u00bbcenter\u00bb title_text_align_phone=\u00bbcenter\u00bb title_text_align_last_edited=\u00bbon|tablet\u00bb global_colors_info=\u00bb{}\u00bb][\/et_pb_heading][et_pb_text _builder_version=\u00bb4.27.2&#8243; _module_preset=\u00bbdefault\u00bb text_font=\u00bbProxima Nova-Bold||||||||\u00bb text_font_size=\u00bb20px\u00bb custom_margin=\u00bb||3px||false|false\u00bb custom_padding=\u00bb||0px||false|false\u00bb text_orientation_tablet=\u00bbcenter\u00bb text_orientation_phone=\u00bbcenter\u00bb text_orientation_last_edited=\u00bbon|tablet\u00bb global_colors_info=\u00bb{}\u00bb]<\/p>\n<p>DESINFECTANTE Y CICATRIZANTE<\/p>\n<p>[\/et_pb_text][et_pb_text _builder_version=\u00bb4.27.2&#8243; _module_preset=\u00bbdefault\u00bb text_font=\u00bb&#8211;et_global_body_font||||||||\u00bb text_font_size=\u00bb17px\u00bb custom_margin=\u00bb||5px||false|false\u00bb text_orientation_tablet=\u00bbcenter\u00bb text_orientation_phone=\u00bbcenter\u00bb text_orientation_last_edited=\u00bbon|tablet\u00bb global_colors_info=\u00bb{}\u00bb]<\/p>\n<p>ANTIS\u00c9PTICO<\/p>\n<p>[\/et_pb_text][et_pb_blurb title=\u00bbT\u00d3PICO\u00bb url=\u00bb@ET-DC@eyJkeW5hbWljIjp0cnVlLCJjb250ZW50IjoicG9zdF9saW5rX3VybF9wYWdlIiwic2V0dGluZ3MiOnsicG9zdF9pZCI6IjExODYifX0=@\u00bb image=\u00bbhttps:\/\/companionanimal.mx\/wp-content\/uploads\/2024\/10\/08.3-Topico-az.svg\u00bb icon_placement=\u00bbleft\u00bb image_icon_width=\u00bb76%\u00bb content_max_width_tablet=\u00bb90px\u00bb content_max_width_phone=\u00bb91px\u00bb content_max_width_last_edited=\u00bbon|tablet\u00bb _builder_version=\u00bb4.27.2&#8243; _dynamic_attributes=\u00bburl\u00bb _module_preset=\u00bbdefault\u00bb header_font=\u00bbProxima Nova-Regular||||||||\u00bb header_text_color=\u00bb#00A1E2&#8243; header_font_size=\u00bb15px\u00bb body_font=\u00bbProxima Nova-SemiBold||||||||\u00bb body_text_color=\u00bb#00A1E2&#8243; body_font_size=\u00bb15px\u00bb image_icon_custom_margin=\u00bb|0px||0px|false|false\u00bb image_icon_custom_padding=\u00bb|||0px|false|false\u00bb custom_margin=\u00bb||15px|0px|false|false\u00bb animation=\u00bboff\u00bb custom_css_blurb_title=\u00bbmargin-left: -17px;||margin-top: 3px;\u00bb global_colors_info=\u00bb{}\u00bb][\/et_pb_blurb][et_pb_text admin_label=\u00bbRegistro\u00bb _builder_version=\u00bb4.27.2&#8243; _module_preset=\u00bbdefault\u00bb text_font_size=\u00bb15px\u00bb custom_margin=\u00bb||25px||false|false\u00bb text_orientation_tablet=\u00bbcenter\u00bb text_orientation_phone=\u00bbcenter\u00bb text_orientation_last_edited=\u00bbon|tablet\u00bb global_colors_info=\u00bb{}\u00bb]<\/p>\n<p><strong>Folio COFEPRIS:<\/strong> 2033519X1362<\/p>\n<p>[\/et_pb_text][et_pb_text admin_label=\u00bbF\u00d3RMULA\u00bb _builder_version=\u00bb4.25.0&#8243; _module_preset=\u00bbdefault\u00bb text_font=\u00bbProxima Nova-Bold||||||||\u00bb text_text_color=\u00bb#00A1E2&#8243; text_font_size=\u00bb20px\u00bb custom_margin=\u00bb||0px||false|false\u00bb custom_padding=\u00bb||0px||false|false\u00bb text_orientation_tablet=\u00bbcenter\u00bb text_orientation_phone=\u00bbcenter\u00bb text_orientation_last_edited=\u00bbon|tablet\u00bb global_colors_info=\u00bb{}\u00bb]<\/p>\n<p><span>F\u00d3RMULA:<\/span><\/p>\n<p>[\/et_pb_text][et_pb_text admin_label=\u00bbCada tableta de\u00bb _builder_version=\u00bb4.27.2&#8243; _module_preset=\u00bbdefault\u00bb text_font_size=\u00bb16px\u00bb custom_margin=\u00bb||10px||false|false\u00bb text_orientation_tablet=\u00bbcenter\u00bb text_orientation_phone=\u00bbcenter\u00bb text_orientation_last_edited=\u00bbon|tablet\u00bb global_colors_info=\u00bb{}\u00bb]<\/p>\n<p>Cada frasco de <strong>BACTOLESS* SUPRA<\/strong> contiene:<\/p>\n<p>[\/et_pb_text][et_pb_text admin_label=\u00bbFenbendazol\u00bb _builder_version=\u00bb4.27.2&#8243; _module_preset=\u00bbdefault\u00bb text_font_size=\u00bb16px\u00bb width=\u00bb62%\u00bb width_tablet=\u00bb63%\u00bb width_phone=\u00bb60%\u00bb width_last_edited=\u00bbon|tablet\u00bb custom_margin=\u00bb||0px||false|false\u00bb custom_padding=\u00bb||0px||false|false\u00bb custom_padding_tablet=\u00bb|15px|||false|false\u00bb custom_padding_phone=\u00bb|10px|||false|false\u00bb custom_padding_last_edited=\u00bbon|tablet\u00bb text_orientation_tablet=\u00bbright\u00bb text_orientation_phone=\u00bbright\u00bb text_orientation_last_edited=\u00bbon|tablet\u00bb module_alignment_tablet=\u00bb\u00bb module_alignment_phone=\u00bb\u00bb module_alignment_last_edited=\u00bbon|tablet\u00bb custom_css_main_element=\u00bbdisplay: inline-block;\u00bb global_colors_info=\u00bb{}\u00bb]<\/p>\n<p>Cloro Total (en Soluci\u00f3n Electrolizada)<\/p>\n<p>[\/et_pb_text][et_pb_text admin_label=\u00bb500 mg\u00bb _builder_version=\u00bb4.27.2&#8243; _module_preset=\u00bbdefault\u00bb text_font_size=\u00bb16px\u00bb width=\u00bb35%\u00bb width_tablet=\u00bb35%\u00bb width_phone=\u00bb37%\u00bb width_last_edited=\u00bbon|tablet\u00bb custom_margin=\u00bb||0px||false|false\u00bb custom_padding=\u00bb||0px||false|false\u00bb custom_padding_tablet=\u00bb||0px|15px|false|false\u00bb custom_padding_phone=\u00bb|||10px|false|false\u00bb custom_padding_last_edited=\u00bbon|tablet\u00bb custom_css_main_element=\u00bbdisplay: inline-block;\u00bb global_colors_info=\u00bb{}\u00bb]<\/p>\n<p>324 ppm (min)<\/p>\n<p>[\/et_pb_text][et_pb_text admin_label=\u00bbCanino\u00bb _builder_version=\u00bb4.27.2&#8243; _dynamic_attributes=\u00bblink_option_url\u00bb _module_preset=\u00bbdefault\u00bb text_font_size=\u00bb16px\u00bb width=\u00bb20%\u00bb width_tablet=\u00bb60%\u00bb width_phone=\u00bb68%\u00bb width_last_edited=\u00bbon|tablet\u00bb custom_margin=\u00bb32px||0px||false|false\u00bb custom_margin_tablet=\u00bb25px||0px||false|false\u00bb custom_margin_phone=\u00bb25px||0px||false|false\u00bb custom_margin_last_edited=\u00bbon|tablet\u00bb custom_padding=\u00bb||0px||false|false\u00bb custom_padding_tablet=\u00bb|0px|0px|250px|false|false\u00bb custom_padding_phone=\u00bb|0px||105px|false|false\u00bb custom_padding_last_edited=\u00bbon|tablet\u00bb link_option_url=\u00bb@ET-DC@eyJkeW5hbWljIjp0cnVlLCJjb250ZW50IjoicG9zdF9saW5rX3VybF9wYWdlIiwic2V0dGluZ3MiOnsicG9zdF9pZCI6IjU3MiJ9fQ==@\u00bb text_orientation_tablet=\u00bbright\u00bb text_orientation_phone=\u00bbright\u00bb text_orientation_last_edited=\u00bbon|tablet\u00bb custom_css_main_element=\u00bbdisplay: inline-block;\u00bb global_colors_info=\u00bb{}\u00bb]<\/p>\n<p><img loading=\"lazy\" decoding=\"async\" src=\"https:\/\/companionanimal.mx\/wp-content\/uploads\/2024\/10\/07.11-Iconos-Desinfeccion-azul.svg\" width=\"1024\" height=\"1024\" alt=\"\" class=\"wp-image-379 alignnone size-large\" \/><\/p>\n<p>[\/et_pb_text][et_pb_button button_text=\u00bbFICHA T\u00c9CNICA\u00bb button_alignment=\u00bbright\u00bb button_alignment_tablet=\u00bbcenter\u00bb button_alignment_phone=\u00bbcenter\u00bb button_alignment_last_edited=\u00bbon|tablet\u00bb admin_label=\u00bbBot\u00f3n FT\u00bb _builder_version=\u00bb4.27.2&#8243; _module_preset=\u00bbdefault\u00bb custom_button=\u00bbon\u00bb button_text_size=\u00bb16px\u00bb button_text_color=\u00bb#FFFFFF\u00bb button_bg_color=\u00bb#00A1E2&#8243; button_border_width=\u00bb0px\u00bb button_border_radius=\u00bb100px\u00bb button_font=\u00bbProxima Nova-Bold||||||||\u00bb button_icon=\u00bb&#xf15c;||fa||400&#8243; custom_margin=\u00bb-20px||0px||false|false\u00bb custom_margin_tablet=\u00bb15px||||false|false\u00bb custom_margin_phone=\u00bb15px||||false|false\u00bb custom_margin_last_edited=\u00bbon|tablet\u00bb custom_css_main_element=\u00bbdisplay: inline-flex;\u00bb global_colors_info=\u00bb{}\u00bb button_bg_color__hover_enabled=\u00bbon|desktop\u00bb button_bg_color__hover=\u00bb#2B85C7&#8243; button_bg_enable_color__hover=\u00bbon\u00bb custom_css_main_element_last_edited=\u00bbon|tablet\u00bb custom_css_main_element_tablet=\u00bbno\u00bb custom_css_main_element_phone=\u00bbno\u00bb][\/et_pb_button][\/et_pb_column][\/et_pb_row][\/et_pb_section][et_pb_section fb_built=\u00bb1&#8243; admin_label=\u00bbINDICACIONES \/ ADMINISTRACI\u00d3N \/ PRESENTACI\u00d3N \/ DOSIS\u00bb _builder_version=\u00bb4.25.0&#8243; _module_preset=\u00bbdefault\u00bb custom_padding=\u00bb0px||||false|false\u00bb collapsed=\u00bbon\u00bb global_colors_info=\u00bb{}\u00bb][et_pb_row admin_label=\u00bbINDICACIONES\u00bb _builder_version=\u00bb4.25.0&#8243; _module_preset=\u00bbdefault\u00bb width=\u00bb70%\u00bb width_tablet=\u00bb70%\u00bb width_phone=\u00bb80%\u00bb width_last_edited=\u00bbon|phone\u00bb custom_margin=\u00bb0px||0px||true|false\u00bb custom_padding=\u00bb30px||30px||true|false\u00bb global_colors_info=\u00bb{}\u00bb][et_pb_column type=\u00bb4_4&#8243; _builder_version=\u00bb4.25.0&#8243; _module_preset=\u00bbdefault\u00bb global_colors_info=\u00bb{}\u00bb][et_pb_blurb title=\u00bbINDICACIONES\u00bb image=\u00bbhttps:\/\/companionanimal.mx\/wp-content\/uploads\/2024\/10\/07.1.2-Indicaciones-azul-02.svg\u00bb icon_placement=\u00bbleft\u00bb image_icon_width=\u00bb82%\u00bb admin_label=\u00bbINDICACIONES\u00bb _builder_version=\u00bb4.25.0&#8243; _module_preset=\u00bbdefault\u00bb header_text_color=\u00bb#00A1E2&#8243; header_font_size=\u00bb20px\u00bb body_text_align=\u00bbleft\u00bb image_icon_custom_margin=\u00bb|0px||0px|false|true\u00bb image_icon_custom_padding=\u00bb|0px||0px|false|true\u00bb custom_margin=\u00bb||10px||false|false\u00bb custom_padding=\u00bb|0px||0px|false|false\u00bb animation=\u00bboff\u00bb custom_css_blurb_title=\u00bbmargin-left: -15px;||margin-top: 2px;\u00bb custom_css_blurb_content=\u00bbmargin-left: 0px;\u00bb global_colors_info=\u00bb{}\u00bb][\/et_pb_blurb][et_pb_text _builder_version=\u00bb4.27.2&#8243; _module_preset=\u00bbdefault\u00bb text_font_size=\u00bb16px\u00bb text_orientation=\u00bbjustified\u00bb custom_margin=\u00bb|||33px|false|false\u00bb global_colors_info=\u00bb{}\u00bb]<\/p>\n<p><strong>BACTOLESS* SUPRA<\/strong> es una soluci\u00f3n desinfectante, esterilizante, cicatrizante y regeneradora de tejidos para heridas superficiales que puede ser utilizada directamente sobre el \u00e1rea afectada. El uso frecuente en piel no causa irritaci\u00f3n o ardor; no mancha ni genera resistencia bacteriana. El uso de <strong>BACTOLESS* SUPRA<\/strong> est\u00e1 indicado para la desinfecci\u00f3n de heridas y para la sanitizaci\u00f3n de materiales y equipos en las cl\u00ednicas y hospitales veterinarios. Por su f\u00f3rmula, <strong>BACTOLESS* SUPRA<\/strong> no deja residuos en el ambiente, es biodegradable, no es t\u00f3xico para animales ni personas y tiene acci\u00f3n contra virus, bacterias, hongos, esporas y algas.<\/p>\n<p>[\/et_pb_text][\/et_pb_column][\/et_pb_row][et_pb_row column_structure=\u00bb1_2,1_2&#8243; admin_label=\u00bbADMINISTRACI\u00d3N \/ PRESENTACI\u00d3N\u00bb _builder_version=\u00bb4.25.0&#8243; _module_preset=\u00bbdefault\u00bb width=\u00bb70%\u00bb width_tablet=\u00bb70%\u00bb width_phone=\u00bb80%\u00bb width_last_edited=\u00bbon|phone\u00bb custom_margin=\u00bb0px||0px||true|false\u00bb custom_padding=\u00bb30px||30px||true|false\u00bb global_colors_info=\u00bb{}\u00bb][et_pb_column type=\u00bb1_2&#8243; _builder_version=\u00bb4.25.0&#8243; _module_preset=\u00bbdefault\u00bb global_colors_info=\u00bb{}\u00bb][et_pb_blurb title=\u00bbV\u00cdA DE ADMINISTRACI\u00d3N\u00bb image=\u00bbhttps:\/\/companionanimal.mx\/wp-content\/uploads\/2024\/10\/07.2.2-Administracion-azul-02.svg\u00bb icon_placement=\u00bbleft\u00bb image_icon_width=\u00bb82%\u00bb admin_label=\u00bbV\u00cdA ADMINISTRACI\u00d3N\u00bb _builder_version=\u00bb4.25.0&#8243; _module_preset=\u00bbdefault\u00bb header_text_color=\u00bb#00A1E2&#8243; header_font_size=\u00bb20px\u00bb body_text_align=\u00bbleft\u00bb image_icon_custom_margin=\u00bb|0px||0px|false|true\u00bb image_icon_custom_padding=\u00bb|0px||0px|false|true\u00bb custom_margin=\u00bb||10px||false|false\u00bb custom_padding=\u00bb|0px||0px|false|false\u00bb animation=\u00bboff\u00bb custom_css_blurb_title=\u00bbmargin-left: -15px;||margin-top: 2px;\u00bb custom_css_blurb_content=\u00bbmargin-left: 0px;\u00bb global_colors_info=\u00bb{}\u00bb][\/et_pb_blurb][et_pb_text _builder_version=\u00bb4.27.2&#8243; _module_preset=\u00bbdefault\u00bb text_font_size=\u00bb16px\u00bb text_orientation=\u00bbjustified\u00bb custom_margin=\u00bb|||33px|false|false\u00bb global_colors_info=\u00bb{}\u00bb]<\/p>\n<p>T\u00f3pica.<\/p>\n<p>[\/et_pb_text][\/et_pb_column][et_pb_column type=\u00bb1_2&#8243; _builder_version=\u00bb4.25.0&#8243; _module_preset=\u00bbdefault\u00bb global_colors_info=\u00bb{}\u00bb][et_pb_blurb title=\u00bbPRESENTACI\u00d3N\u00bb image=\u00bbhttps:\/\/companionanimal.mx\/wp-content\/uploads\/2024\/10\/08.1-Tableta-az.svg\u00bb icon_placement=\u00bbleft\u00bb image_icon_width=\u00bb82%\u00bb admin_label=\u00bbPRESENTACI\u00d3N\u00bb _builder_version=\u00bb4.25.1&#8243; _module_preset=\u00bbdefault\u00bb header_text_color=\u00bb#00A1E2&#8243; header_font_size=\u00bb20px\u00bb body_text_align=\u00bbleft\u00bb image_icon_custom_margin=\u00bb|0px||0px|false|true\u00bb image_icon_custom_padding=\u00bb|0px||0px|false|true\u00bb custom_margin=\u00bb||10px||false|false\u00bb custom_padding=\u00bb|0px||0px|false|false\u00bb animation=\u00bboff\u00bb custom_css_blurb_title=\u00bbmargin-left: -15px;||margin-top: 2px;\u00bb custom_css_blurb_content=\u00bbmargin-left: 0px;\u00bb global_colors_info=\u00bb{}\u00bb][\/et_pb_blurb][et_pb_text _builder_version=\u00bb4.27.2&#8243; _module_preset=\u00bbdefault\u00bb text_font_size=\u00bb16px\u00bb text_orientation=\u00bbjustified\u00bb custom_margin=\u00bb|||33px|false|false\u00bb global_colors_info=\u00bb{}\u00bb]<\/p>\n<p>Frasco de 120 ml.<\/p>\n<p>[\/et_pb_text][\/et_pb_column][\/et_pb_row][et_pb_row admin_label=\u00bbDOSIS\u00bb _builder_version=\u00bb4.25.0&#8243; _module_preset=\u00bbdefault\u00bb width=\u00bb70%\u00bb width_tablet=\u00bb70%\u00bb width_phone=\u00bb80%\u00bb width_last_edited=\u00bbon|phone\u00bb custom_margin=\u00bb0px||0px||true|false\u00bb custom_padding=\u00bb30px||30px||true|false\u00bb global_colors_info=\u00bb{}\u00bb][et_pb_column type=\u00bb4_4&#8243; _builder_version=\u00bb4.25.0&#8243; _module_preset=\u00bbdefault\u00bb global_colors_info=\u00bb{}\u00bb][et_pb_blurb title=\u00bbMODO DE USO\u00bb image=\u00bbhttps:\/\/companionanimal.mx\/wp-content\/uploads\/2024\/10\/07.7-Uso-azul.svg\u00bb icon_placement=\u00bbleft\u00bb image_icon_width=\u00bb82%\u00bb admin_label=\u00bbDOSIS\u00bb _builder_version=\u00bb4.27.2&#8243; _module_preset=\u00bbdefault\u00bb header_text_color=\u00bb#00A1E2&#8243; header_font_size=\u00bb20px\u00bb body_text_align=\u00bbleft\u00bb image_icon_custom_margin=\u00bb|0px||0px|false|true\u00bb image_icon_custom_padding=\u00bb|0px||0px|false|true\u00bb custom_margin=\u00bb||10px||false|false\u00bb custom_padding=\u00bb|0px||0px|false|false\u00bb animation=\u00bboff\u00bb custom_css_blurb_title=\u00bbmargin-left: -15px;||margin-top: 2px;\u00bb custom_css_blurb_content=\u00bbmargin-left: 0px;\u00bb global_colors_info=\u00bb{}\u00bb][\/et_pb_blurb][et_pb_text _builder_version=\u00bb4.27.2&#8243; _module_preset=\u00bbdefault\u00bb text_font_size=\u00bb16px\u00bb text_orientation=\u00bbjustified\u00bb custom_margin=\u00bb|||33px|false|false\u00bb global_colors_info=\u00bb{}\u00bb]<\/p>\n<p>Para desinfecci\u00f3n y cicatrizaci\u00f3n de heridas, aplicar <strong>BACTOLESS* SUPRA<\/strong> directamente sobre el \u00e1rea afectada hasta que la soluci\u00f3n cubra y penetre la zona da\u00f1ada. Dejar actuar durante 30 segundos y dejar secar. Aplique diariamente de 3 a 5 veces en la zona afectada para acelerar el proceso de cicatrizaci\u00f3n. Como desinfectante de materiales y equipos, realice una limpieza previa con agua y jab\u00f3n, removiendo la suciedad y aplique directamente dejando actuar durante m\u00ednimo 60 segundos. No dejar m\u00e1s de 15 minutos. No requiere enjuague.<\/p>\n<p>[\/et_pb_text][\/et_pb_column][\/et_pb_row][\/et_pb_section]<\/p>\n","protected":false},"excerpt":{"rendered":"<p>DESINFECTANTE Y CICATRIZANTEANTIS\u00c9PTICOFolio COFEPRIS: 2033519X1362F\u00d3RMULA:Cada frasco de BACTOLESS* SUPRA contiene:Cloro Total (en Soluci\u00f3n Electrolizada)324 ppm (min)BACTOLESS* SUPRA es una soluci\u00f3n desinfectante, esterilizante, cicatrizante y regeneradora de tejidos para heridas superficiales que puede ser utilizada directamente sobre el \u00e1rea afectada. El uso frecuente en piel no causa irritaci\u00f3n o ardor; no mancha ni genera resistencia bacteriana. [&hellip;]<\/p>\n","protected":false},"author":1,"featured_media":0,"parent":0,"menu_order":21,"comment_status":"closed","ping_status":"closed","template":"","meta":{"_et_pb_use_builder":"on","_et_pb_old_content":"","_et_gb_content_width":"","footnotes":""},"class_list":["post-363","page","type-page","status-publish","hentry"],"_links":{"self":[{"href":"https:\/\/companionanimal.mx\/index.php\/wp-json\/wp\/v2\/pages\/363","targetHints":{"allow":["GET"]}}],"collection":[{"href":"https:\/\/companionanimal.mx\/index.php\/wp-json\/wp\/v2\/pages"}],"about":[{"href":"https:\/\/companionanimal.mx\/index.php\/wp-json\/wp\/v2\/types\/page"}],"author":[{"embeddable":true,"href":"https:\/\/companionanimal.mx\/index.php\/wp-json\/wp\/v2\/users\/1"}],"replies":[{"embeddable":true,"href":"https:\/\/companionanimal.mx\/index.php\/wp-json\/wp\/v2\/comments?post=363"}],"version-history":[{"count":7,"href":"https:\/\/companionanimal.mx\/index.php\/wp-json\/wp\/v2\/pages\/363\/revisions"}],"predecessor-version":[{"id":611,"href":"https:\/\/companionanimal.mx\/index.php\/wp-json\/wp\/v2\/pages\/363\/revisions\/611"}],"wp:attachment":[{"href":"https:\/\/companionanimal.mx\/index.php\/wp-json\/wp\/v2\/media?parent=363"}],"curies":[{"name":"wp","href":"https:\/\/api.w.org\/{rel}","templated":true}]}}