{"id":49,"date":"2024-10-02T21:01:02","date_gmt":"2024-10-02T21:01:02","guid":{"rendered":"https:\/\/companionanimal.mx\/?page_id=49"},"modified":"2025-12-17T11:46:11","modified_gmt":"2025-12-17T17:46:11","slug":"contacto","status":"publish","type":"page","link":"https:\/\/companionanimal.mx\/index.php\/contacto\/","title":{"rendered":"Contacto"},"content":{"rendered":"<p>[et_pb_section fb_built=\u00bb1&#8243; admin_label=\u00bbHeader &#038; Contact Info\u00bb _builder_version=\u00bb4.22.0&#8243; _module_preset=\u00bbdefault\u00bb overflow-x=\u00bbhidden\u00bb overflow-y=\u00bbhidden\u00bb collapsed=\u00bboff\u00bb global_colors_info=\u00bb{}\u00bb][et_pb_row make_equal=\u00bbon\u00bb _builder_version=\u00bb4.24.3&#8243; _module_preset=\u00bbdefault\u00bb custom_margin=\u00bb||50px||false|false\u00bb custom_padding=\u00bb||0px|||\u00bb global_colors_info=\u00bb{}\u00bb][et_pb_column type=\u00bb4_4&#8243; _builder_version=\u00bb4.22.0&#8243; _module_preset=\u00bbdefault\u00bb global_colors_info=\u00bb{}\u00bb][et_pb_heading title=\u00bbCONTACTO\u00bb _builder_version=\u00bb4.24.3&#8243; _module_preset=\u00bbdefault\u00bb title_font=\u00bbProxima Nova-Bold|700|||||||\u00bb title_text_align=\u00bbcenter\u00bb title_text_color=\u00bb#00A1E2&#8243; custom_margin=\u00bb||50px||false|false\u00bb global_colors_info=\u00bb{}\u00bb][\/et_pb_heading][et_pb_text _builder_version=\u00bb4.27.2&#8243; _module_preset=\u00bb9b6c52d7-e2f3-4721-8122-7640131f7fea\u00bb text_font=\u00bbProxima Nova-Regular||||||||\u00bb text_font_size=\u00bb18px\u00bb text_line_height=\u00bb1.4em\u00bb text_orientation=\u00bbcenter\u00bb global_colors_info=\u00bb{}\u00bb]<\/p>\n<p class=\"p1\">Valoramos tu inter\u00e9s en nuestros productos, si deseas adquirir alguno, tienes preguntas o comentarios, escr\u00edbenos y te apoyamos:<\/p>\n<p>[\/et_pb_text][\/et_pb_column][\/et_pb_row][et_pb_row column_structure=\u00bb1_2,1_2&#8243; make_equal=\u00bbon\u00bb _builder_version=\u00bb4.23.4&#8243; _module_preset=\u00bbdefault\u00bb custom_margin=\u00bb||0px||false|false\u00bb custom_padding=\u00bb0px||0px||false|false\u00bb global_colors_info=\u00bb{}\u00bb][et_pb_column type=\u00bb1_2&#8243; _builder_version=\u00bb4.22.0&#8243; _module_preset=\u00bbdefault\u00bb global_colors_info=\u00bb{}\u00bb][et_pb_contact_form captcha=\u00bboff\u00bb email=\u00bbcompanionanimal.inc@gmail.com\u00bb submit_button_text=\u00bbENVIAR\u00bb _builder_version=\u00bb4.27.2&#8243; _module_preset=\u00bbdefault\u00bb _unique_id=\u00bbfab524d3-6c6b-4921-94fb-e24b320604eb\u00bb form_field_background_color=\u00bb#EBEFF2&#8243; form_field_custom_padding=\u00bb10px||10px||true|false\u00bb custom_button=\u00bbon\u00bb button_text_size=\u00bb15px\u00bb button_text_color=\u00bb#FFFFFF\u00bb button_bg_color=\u00bb#00A1E2&#8243; button_border_width=\u00bb0px\u00bb button_border_radius=\u00bb100px\u00bb button_font=\u00bbProxima Nova-Bold||||||||\u00bb button_icon=\u00bb&#xf35a;||fa||900&#8243; button_icon_color=\u00bb#FFFFFF\u00bb width=\u00bb90%\u00bb module_alignment=\u00bbright\u00bb global_colors_info=\u00bb{}\u00bb][et_pb_contact_field field_id=\u00bbNombre\u00bb field_title=\u00bbNombre\u00bb fullwidth_field=\u00bbon\u00bb _builder_version=\u00bb4.24.3&#8243; _module_preset=\u00bbdefault\u00bb global_colors_info=\u00bb{}\u00bb button_text_size__hover_enabled=\u00bboff\u00bb button_one_text_size__hover_enabled=\u00bboff\u00bb button_two_text_size__hover_enabled=\u00bboff\u00bb button_text_color__hover_enabled=\u00bboff\u00bb button_one_text_color__hover_enabled=\u00bboff\u00bb button_two_text_color__hover_enabled=\u00bboff\u00bb button_border_width__hover_enabled=\u00bboff\u00bb button_one_border_width__hover_enabled=\u00bboff\u00bb button_two_border_width__hover_enabled=\u00bboff\u00bb button_border_color__hover_enabled=\u00bboff\u00bb button_one_border_color__hover_enabled=\u00bboff\u00bb button_two_border_color__hover_enabled=\u00bboff\u00bb button_border_radius__hover_enabled=\u00bboff\u00bb button_one_border_radius__hover_enabled=\u00bboff\u00bb button_two_border_radius__hover_enabled=\u00bboff\u00bb button_letter_spacing__hover_enabled=\u00bboff\u00bb button_one_letter_spacing__hover_enabled=\u00bboff\u00bb button_two_letter_spacing__hover_enabled=\u00bboff\u00bb button_bg_color__hover_enabled=\u00bboff\u00bb button_one_bg_color__hover_enabled=\u00bboff\u00bb button_two_bg_color__hover_enabled=\u00bboff\u00bb][\/et_pb_contact_field][et_pb_contact_field field_id=\u00bbTel\u00e9fono\u00bb field_title=\u00bbN\u00famero de Tel\u00e9fono a 10 d\u00edgitos\u00bb fullwidth_field=\u00bbon\u00bb _builder_version=\u00bb4.24.3&#8243; _module_preset=\u00bbdefault\u00bb global_colors_info=\u00bb{}\u00bb button_text_size__hover_enabled=\u00bboff\u00bb button_one_text_size__hover_enabled=\u00bboff\u00bb button_two_text_size__hover_enabled=\u00bboff\u00bb button_text_color__hover_enabled=\u00bboff\u00bb button_one_text_color__hover_enabled=\u00bboff\u00bb button_two_text_color__hover_enabled=\u00bboff\u00bb button_border_width__hover_enabled=\u00bboff\u00bb button_one_border_width__hover_enabled=\u00bboff\u00bb button_two_border_width__hover_enabled=\u00bboff\u00bb button_border_color__hover_enabled=\u00bboff\u00bb button_one_border_color__hover_enabled=\u00bboff\u00bb button_two_border_color__hover_enabled=\u00bboff\u00bb button_border_radius__hover_enabled=\u00bboff\u00bb button_one_border_radius__hover_enabled=\u00bboff\u00bb button_two_border_radius__hover_enabled=\u00bboff\u00bb button_letter_spacing__hover_enabled=\u00bboff\u00bb button_one_letter_spacing__hover_enabled=\u00bboff\u00bb button_two_letter_spacing__hover_enabled=\u00bboff\u00bb button_bg_color__hover_enabled=\u00bboff\u00bb button_one_bg_color__hover_enabled=\u00bboff\u00bb button_two_bg_color__hover_enabled=\u00bboff\u00bb][\/et_pb_contact_field][et_pb_contact_field field_id=\u00bbEmail\u00bb field_title=\u00bbCorreo Electr\u00f3nico\u00bb field_type=\u00bbemail\u00bb fullwidth_field=\u00bbon\u00bb _builder_version=\u00bb4.24.3&#8243; _module_preset=\u00bbdefault\u00bb global_colors_info=\u00bb{}\u00bb button_text_size__hover_enabled=\u00bboff\u00bb button_one_text_size__hover_enabled=\u00bboff\u00bb button_two_text_size__hover_enabled=\u00bboff\u00bb button_text_color__hover_enabled=\u00bboff\u00bb button_one_text_color__hover_enabled=\u00bboff\u00bb button_two_text_color__hover_enabled=\u00bboff\u00bb button_border_width__hover_enabled=\u00bboff\u00bb button_one_border_width__hover_enabled=\u00bboff\u00bb button_two_border_width__hover_enabled=\u00bboff\u00bb button_border_color__hover_enabled=\u00bboff\u00bb button_one_border_color__hover_enabled=\u00bboff\u00bb button_two_border_color__hover_enabled=\u00bboff\u00bb button_border_radius__hover_enabled=\u00bboff\u00bb button_one_border_radius__hover_enabled=\u00bboff\u00bb button_two_border_radius__hover_enabled=\u00bboff\u00bb button_letter_spacing__hover_enabled=\u00bboff\u00bb button_one_letter_spacing__hover_enabled=\u00bboff\u00bb button_two_letter_spacing__hover_enabled=\u00bboff\u00bb button_bg_color__hover_enabled=\u00bboff\u00bb button_one_bg_color__hover_enabled=\u00bboff\u00bb button_two_bg_color__hover_enabled=\u00bboff\u00bb][\/et_pb_contact_field][et_pb_contact_field field_id=\u00bbEstado\u00bb field_title=\u00bbEstado\u00bb field_type=\u00bbemail\u00bb fullwidth_field=\u00bbon\u00bb _builder_version=\u00bb4.24.3&#8243; _module_preset=\u00bbdefault\u00bb global_colors_info=\u00bb{}\u00bb button_text_size__hover_enabled=\u00bboff\u00bb button_one_text_size__hover_enabled=\u00bboff\u00bb button_two_text_size__hover_enabled=\u00bboff\u00bb button_text_color__hover_enabled=\u00bboff\u00bb button_one_text_color__hover_enabled=\u00bboff\u00bb button_two_text_color__hover_enabled=\u00bboff\u00bb button_border_width__hover_enabled=\u00bboff\u00bb button_one_border_width__hover_enabled=\u00bboff\u00bb button_two_border_width__hover_enabled=\u00bboff\u00bb button_border_color__hover_enabled=\u00bboff\u00bb button_one_border_color__hover_enabled=\u00bboff\u00bb button_two_border_color__hover_enabled=\u00bboff\u00bb button_border_radius__hover_enabled=\u00bboff\u00bb button_one_border_radius__hover_enabled=\u00bboff\u00bb button_two_border_radius__hover_enabled=\u00bboff\u00bb button_letter_spacing__hover_enabled=\u00bboff\u00bb button_one_letter_spacing__hover_enabled=\u00bboff\u00bb button_two_letter_spacing__hover_enabled=\u00bboff\u00bb button_bg_color__hover_enabled=\u00bboff\u00bb button_one_bg_color__hover_enabled=\u00bboff\u00bb button_two_bg_color__hover_enabled=\u00bboff\u00bb][\/et_pb_contact_field][et_pb_contact_field field_id=\u00bbUsuario\u00bb field_title=\u00bbTipo de Usuario\u00bb field_type=\u00bbradio\u00bb radio_options=\u00bb%91{%22value%22:%22M\u00e9dico Veterinario%22,%22checked%22:0,%22dragID%22:-1},{%22value%22:%22T\u00e9cnico%22,%22checked%22:0,%22dragID%22:0},{%22value%22:%22Agr\u00f3nomo%22,%22checked%22:0,%22dragID%22:1},{%22value%22:%22Distribuidor%22,%22checked%22:0,%22dragID%22:2},{%22value%22:%22Otro%22,%22checked%22:0,%22dragID%22:3}%93&#8243; fullwidth_field=\u00bbon\u00bb _builder_version=\u00bb4.24.3&#8243; _module_preset=\u00bbdefault\u00bb global_colors_info=\u00bb{}\u00bb][\/et_pb_contact_field][et_pb_contact_field field_id=\u00bbAviso_Privacidad\u00bb field_title=\u00bbAviso de Privacidad\u00bb field_type=\u00bbcheckbox\u00bb checkbox_options=\u00bb%91{%22value%22:%22He Le\u00eddo y Acepto el Aviso de Privacidad%22,%22checked%22:0,%22dragID%22:-1,%22link_url%22:%22http:\/\/companionanimal.mx\/aviso-privacidad\/%22}%93&#8243; fullwidth_field=\u00bbon\u00bb _builder_version=\u00bb4.24.3&#8243; _module_preset=\u00bbdefault\u00bb global_colors_info=\u00bb{}\u00bb][\/et_pb_contact_field][et_pb_contact_field field_id=\u00bbMensaje\u00bb field_title=\u00bbMensaje\u00bb field_type=\u00bbtext\u00bb fullwidth_field=\u00bbon\u00bb _builder_version=\u00bb4.24.3&#8243; _module_preset=\u00bbdefault\u00bb global_colors_info=\u00bb{}\u00bb button_text_size__hover_enabled=\u00bboff\u00bb button_one_text_size__hover_enabled=\u00bboff\u00bb button_two_text_size__hover_enabled=\u00bboff\u00bb button_text_color__hover_enabled=\u00bboff\u00bb button_one_text_color__hover_enabled=\u00bboff\u00bb button_two_text_color__hover_enabled=\u00bboff\u00bb button_border_width__hover_enabled=\u00bboff\u00bb button_one_border_width__hover_enabled=\u00bboff\u00bb button_two_border_width__hover_enabled=\u00bboff\u00bb button_border_color__hover_enabled=\u00bboff\u00bb button_one_border_color__hover_enabled=\u00bboff\u00bb button_two_border_color__hover_enabled=\u00bboff\u00bb button_border_radius__hover_enabled=\u00bboff\u00bb button_one_border_radius__hover_enabled=\u00bboff\u00bb button_two_border_radius__hover_enabled=\u00bboff\u00bb button_letter_spacing__hover_enabled=\u00bboff\u00bb button_one_letter_spacing__hover_enabled=\u00bboff\u00bb button_two_letter_spacing__hover_enabled=\u00bboff\u00bb button_bg_color__hover_enabled=\u00bboff\u00bb button_one_bg_color__hover_enabled=\u00bboff\u00bb button_two_bg_color__hover_enabled=\u00bboff\u00bb][\/et_pb_contact_field][\/et_pb_contact_form][\/et_pb_column][et_pb_column type=\u00bb1_2&#8243; _builder_version=\u00bb4.22.0&#8243; _module_preset=\u00bbdefault\u00bb custom_padding=\u00bb||18vw||false|false\u00bb global_colors_info=\u00bb{}\u00bb][et_pb_blurb title=\u00bbTel\u00e9fono de Oficinas Centrales\u00bb use_icon=\u00bbon\u00bb font_icon=\u00bb&#xe090;||divi||400&#8243; icon_color=\u00bb#00A1E2&#8243; _builder_version=\u00bb4.24.3&#8243; _module_preset=\u00bb1d1f8c2f-42e2-4aa3-8db3-06a9bf42ab4c\u00bb header_font=\u00bbProxima Nova-Regular||||||||\u00bb header_text_color=\u00bb#00A1E2&#8243; header_font_size=\u00bb18px\u00bb header_line_height=\u00bb0.4em\u00bb body_font=\u00bbProxima Nova-Regular||||||||\u00bb body_font_size=\u00bb15px\u00bb image_icon_custom_margin=\u00bb-7px|0px|||false|false\u00bb image_icon_custom_padding=\u00bb|0px||0px|false|false\u00bb custom_margin=\u00bb0px|50px|||false|false\u00bb custom_margin_tablet=\u00bb|50px||50px|false|false\u00bb custom_margin_phone=\u00bb|0px||0px|false|false\u00bb custom_margin_last_edited=\u00bbon|tablet\u00bb hover_enabled=\u00bb0&#8243; locked=\u00bboff\u00bb global_colors_info=\u00bb{%22gcid-08cf39a0-13ea-4dd3-8e9f-f417cc84cbec%22:%91%22body_link_text_color%22%93}\u00bb sticky_enabled=\u00bb0&#8243;]<\/p>\n<p><span>442 215 1980 \/ 55 5649 4563<\/span><\/p>\n<p>[\/et_pb_blurb][et_pb_blurb title=\u00bbWhatsApp\u00bb use_icon=\u00bbon\u00bb font_icon=\u00bb&#xf40c;||fa||400&#8243; icon_color=\u00bb#00A1E2&#8243; _builder_version=\u00bb4.27.5&#8243; _module_preset=\u00bb1d1f8c2f-42e2-4aa3-8db3-06a9bf42ab4c\u00bb header_font=\u00bbProxima Nova-Regular||||||||\u00bb header_text_color=\u00bb#00A1E2&#8243; header_font_size=\u00bb18px\u00bb header_line_height=\u00bb0.4em\u00bb body_font=\u00bbProxima Nova-Regular||||||||\u00bb body_font_size=\u00bb15px\u00bb image_icon_custom_margin=\u00bb-7px|0px|||false|false\u00bb image_icon_custom_padding=\u00bb|0px||0px|false|false\u00bb custom_margin=\u00bb0px|50px|||false|false\u00bb custom_margin_tablet=\u00bb|50px||50px|false|false\u00bb custom_margin_phone=\u00bb|0px||0px|false|false\u00bb custom_margin_last_edited=\u00bbon|tablet\u00bb hover_enabled=\u00bb0&#8243; locked=\u00bboff\u00bb global_colors_info=\u00bb{%22gcid-08cf39a0-13ea-4dd3-8e9f-f417cc84cbec%22:%91%22body_link_text_color%22%93}\u00bb sticky_enabled=\u00bb0&#8243;]<\/p>\n<p><span>446<\/span><span> <\/span><span>138<\/span><span> <\/span><span>6862<\/span><\/p>\n<p>[\/et_pb_blurb][et_pb_blurb title=\u00bbEmail\u00bb use_icon=\u00bbon\u00bb font_icon=\u00bb&#xf0e0;||fa||900&#8243; icon_color=\u00bb#00A1E2&#8243; _builder_version=\u00bb4.24.3&#8243; _module_preset=\u00bb1d1f8c2f-42e2-4aa3-8db3-06a9bf42ab4c\u00bb header_font=\u00bbProxima Nova-Regular|500|||||||\u00bb header_text_color=\u00bb#00A1E2&#8243; header_font_size=\u00bb18px\u00bb header_line_height=\u00bb0.4em\u00bb body_font=\u00bbProxima Nova-Regular||||||||\u00bb body_font_size=\u00bb15px\u00bb image_icon_custom_margin=\u00bb-9px|0px|||false|false\u00bb image_icon_custom_padding=\u00bb|0px||0px|false|false\u00bb custom_margin=\u00bb0px|50px|24px||false|false\u00bb custom_margin_tablet=\u00bb|50px||50px|false|false\u00bb custom_margin_phone=\u00bb|0px||0px|false|false\u00bb custom_margin_last_edited=\u00bbon|tablet\u00bb locked=\u00bboff\u00bb global_colors_info=\u00bb{%22gcid-08cf39a0-13ea-4dd3-8e9f-f417cc84cbec%22:%91%22body_link_text_color%22%93}\u00bb]<\/p>\n<p><span>gcia.companion@animalcare-inc.com<\/span><\/p>\n<p>[\/et_pb_blurb][et_pb_blurb title=\u00bbDomicilio Oficina Central\u00bb use_icon=\u00bbon\u00bb font_icon=\u00bb&#xf5a0;||fa||900&#8243; icon_color=\u00bb#00A1E2&#8243; _builder_version=\u00bb4.24.3&#8243; _module_preset=\u00bb1d1f8c2f-42e2-4aa3-8db3-06a9bf42ab4c\u00bb header_font=\u00bbProxima Nova-Regular|500|||||||\u00bb header_text_color=\u00bb#00A1E2&#8243; header_font_size=\u00bb18px\u00bb header_line_height=\u00bb0.4em\u00bb body_font=\u00bbProxima Nova-Regular||||||||\u00bb body_font_size=\u00bb15px\u00bb image_icon_custom_margin=\u00bb-10px|0px|||false|false\u00bb image_icon_custom_padding=\u00bb|0px||0px|false|false\u00bb custom_margin=\u00bb0px|50px|24px||false|false\u00bb custom_margin_tablet=\u00bb|50px||50px|false|false\u00bb custom_margin_phone=\u00bb|0px||0px|false|false\u00bb custom_margin_last_edited=\u00bbon|tablet\u00bb locked=\u00bboff\u00bb global_colors_info=\u00bb{%22gcid-08cf39a0-13ea-4dd3-8e9f-f417cc84cbec%22:%91%22body_link_text_color%22%93}\u00bb]<\/p>\n<p>Manuel G\u00f3mez Mor\u00edn No. 3870, Int. 304. Col. Centro Sur. C.P. 76090. Quer\u00e9taro, Qro., M\u00e9xico.<\/p>\n<p>[\/et_pb_blurb][et_pb_code _builder_version=\u00bb4.24.3&#8243; _module_preset=\u00bbdefault\u00bb custom_margin=\u00bb||-230px||false|false\u00bb custom_margin_tablet=\u00bb||-130px|57px|false|false\u00bb custom_margin_phone=\u00bb||-80px|0px|false|false\u00bb custom_margin_last_edited=\u00bbon|tablet\u00bb global_colors_info=\u00bb{}\u00bb]<iframe src=\"https:\/\/www.google.com\/maps\/embed?pb=!1m18!1m12!1m3!1d1249.8707702968502!2d-100.36274819744105!3d20.561006462320737!2m3!1f0!2f0!3f0!3m2!1i1024!2i768!4f13.1!3m3!1m2!1s0x85d34490b257d6cd%3A0x6074e1c5180478eb!2sLic.%20Manuel%20G%C3%B3mez%20Morin%203870%2C%20Centro%20Sur%2C%2076090%20Santiago%20de%20Quer%C3%A9taro%2C%20Qro.!5e0!3m2!1ses!2smx!4v1705950116051!5m2!1ses!2smx\" width=\"470\" height=\"320\" style=\"border:0;\" allowfullscreen=\"\" loading=\"lazy\" referrerpolicy=\"no-referrer-when-downgrade\"><\/iframe>[\/et_pb_code][\/et_pb_column][\/et_pb_row][\/et_pb_section]<\/p>\n","protected":false},"excerpt":{"rendered":"<p>Valoramos tu inter\u00e9s en nuestros productos, si deseas adquirir alguno, tienes preguntas o comentarios, escr\u00edbenos y te apoyamos:442 215 1980 \/ 55 5649 4563446 138 6862gcia.companion@animalcare-inc.comManuel G\u00f3mez Mor\u00edn No. 3870, Int. 304. Col. Centro Sur. C.P. 76090. Quer\u00e9taro, Qro., M\u00e9xico.<\/p>\n","protected":false},"author":1,"featured_media":0,"parent":0,"menu_order":71,"comment_status":"closed","ping_status":"closed","template":"","meta":{"_et_pb_use_builder":"on","_et_pb_old_content":"","_et_gb_content_width":"","footnotes":""},"class_list":["post-49","page","type-page","status-publish","hentry"],"_links":{"self":[{"href":"https:\/\/companionanimal.mx\/index.php\/wp-json\/wp\/v2\/pages\/49","targetHints":{"allow":["GET"]}}],"collection":[{"href":"https:\/\/companionanimal.mx\/index.php\/wp-json\/wp\/v2\/pages"}],"about":[{"href":"https:\/\/companionanimal.mx\/index.php\/wp-json\/wp\/v2\/types\/page"}],"author":[{"embeddable":true,"href":"https:\/\/companionanimal.mx\/index.php\/wp-json\/wp\/v2\/users\/1"}],"replies":[{"embeddable":true,"href":"https:\/\/companionanimal.mx\/index.php\/wp-json\/wp\/v2\/comments?post=49"}],"version-history":[{"count":4,"href":"https:\/\/companionanimal.mx\/index.php\/wp-json\/wp\/v2\/pages\/49\/revisions"}],"predecessor-version":[{"id":595,"href":"https:\/\/companionanimal.mx\/index.php\/wp-json\/wp\/v2\/pages\/49\/revisions\/595"}],"wp:attachment":[{"href":"https:\/\/companionanimal.mx\/index.php\/wp-json\/wp\/v2\/media?parent=49"}],"curies":[{"name":"wp","href":"https:\/\/api.w.org\/{rel}","templated":true}]}}